{"id":7,"date":"2018-11-06T22:21:48","date_gmt":"2018-11-06T22:21:48","guid":{"rendered":"http:\/\/smartseed.com.mx\/site\/?page_id=7"},"modified":"2019-09-24T22:09:51","modified_gmt":"2019-09-24T22:09:51","slug":"inicio","status":"publish","type":"page","link":"https:\/\/smartseed.com.mx\/site\/","title":{"rendered":"Inicio"},"content":{"rendered":"<p><img loading=\"lazy\" width=\"300\" height=\"150\" src=\"http:\/\/smartseed.com.mx\/site\/wp-content\/uploads\/2018\/11\/logosmartseed-300x150.png\" alt=\"\" sizes=\"100vw\" \/>\t\t\t\t\t\t\t\t\t\t\t<\/p>\n<h2>BIENVENIDOS<\/h2>\n<p>Smart Seed es un corporativo de empresas innovadoras de primer nivel con colaboradores altamente felices en un ambiente de trabajo agradable que lleve a toda la organizaci\u00f3n a buenos est\u00e1ndares de vida; esto generar\u00e1 irremediablemente personas que regresen a la sociedad la experiencia de vida dentro de esta organizaci\u00f3n.<\/p>\n<h2>EMPRESAS<\/h2>\n<figure><a href=\"https:\/\/florapack.com.mx\" target=\"_blank\"><img loading=\"lazy\" width=\"287\" height=\"235\" src=\"http:\/\/smartseed.com.mx\/site\/wp-content\/uploads\/2018\/11\/logoflorapack-1.png\" alt=\"\" sizes=\"100vw\" \/><\/a><\/figure>\n<figure><a href=\"http:\/\/shapepack.mx\" target=\"_blank\"><img loading=\"lazy\" width=\"250\" height=\"250\" src=\"http:\/\/smartseed.com.mx\/site\/wp-content\/uploads\/2018\/11\/logoshape.png\" alt=\"\" srcset=\"http:\/\/smartseed.com.mx\/site\/wp-content\/uploads\/2018\/11\/logoshape.png 250w, http:\/\/smartseed.com.mx\/site\/wp-content\/uploads\/2018\/11\/logoshape-150x150.png 150w, http:\/\/smartseed.com.mx\/site\/wp-content\/uploads\/2018\/11\/logoshape-100x100.png 100w\" sizes=\"100vw\" \/><\/a><\/figure>\n<h4>Cont\u00e1ctanos<\/h4>\n<p style=\"text-align: center;\">Env\u00eda un correo electr\u00f3nico para ponernos en contacto contigo.<\/p>\n<h4>info@smartseed.com.mx<\/h4>\n<p>\t\t\t\t\t\t\t\t\t\t<img loading=\"lazy\" width=\"300\" height=\"154\" src=\"http:\/\/smartseed.com.mx\/site\/wp-content\/uploads\/2018\/11\/logosmartseedBN-1-300x154.png\" alt=\"\" srcset=\"http:\/\/smartseed.com.mx\/site\/wp-content\/uploads\/2018\/11\/logosmartseedBN-1-300x154.png 300w, http:\/\/smartseed.com.mx\/site\/wp-content\/uploads\/2018\/11\/logosmartseedBN-1.png 512w\" sizes=\"100vw\" \/>\t\t\t\t\t\t\t\t\t\t\t<\/p>\n<p>\u00a9 2018\u00a0por Smart Seed.<br \/>Derechos reservados.<\/p>\n<p>Acatl # 327 Fracc. Ind. San Antonio, Azcapotzalco CDMX C.P 02760.<\/p>\n","protected":false},"excerpt":{"rendered":"<p>BIENVENIDOS Smart Seed es un corporativo de empresas innovadoras de primer nivel con colaboradores altamente felices en un ambiente de trabajo agradable que lleve a toda la organizaci\u00f3n a buenos est\u00e1ndares de vida; esto generar\u00e1 irremediablemente personas que regresen a la sociedad la experiencia de vida dentro de esta organizaci\u00f3n. EMPRESAS Cont\u00e1ctanos Env\u00eda un correo &hellip; <\/p>\n<p class=\"link-more\"><a href=\"https:\/\/smartseed.com.mx\/site\/\" class=\"more-link\">Continuar leyendo<span class=\"screen-reader-text\"> \u00abInicio\u00bb<\/span><\/a><\/p>\n","protected":false},"author":1,"featured_media":0,"parent":0,"menu_order":0,"comment_status":"closed","ping_status":"closed","template":"elementor_canvas","meta":{"_exactmetrics_skip_tracking":false,"_exactmetrics_sitenote_active":false,"_exactmetrics_sitenote_note":"","_exactmetrics_sitenote_category":0},"_links":{"self":[{"href":"https:\/\/smartseed.com.mx\/site\/wp-json\/wp\/v2\/pages\/7"}],"collection":[{"href":"https:\/\/smartseed.com.mx\/site\/wp-json\/wp\/v2\/pages"}],"about":[{"href":"https:\/\/smartseed.com.mx\/site\/wp-json\/wp\/v2\/types\/page"}],"author":[{"embeddable":true,"href":"https:\/\/smartseed.com.mx\/site\/wp-json\/wp\/v2\/users\/1"}],"replies":[{"embeddable":true,"href":"https:\/\/smartseed.com.mx\/site\/wp-json\/wp\/v2\/comments?post=7"}],"version-history":[{"count":24,"href":"https:\/\/smartseed.com.mx\/site\/wp-json\/wp\/v2\/pages\/7\/revisions"}],"predecessor-version":[{"id":58,"href":"https:\/\/smartseed.com.mx\/site\/wp-json\/wp\/v2\/pages\/7\/revisions\/58"}],"wp:attachment":[{"href":"https:\/\/smartseed.com.mx\/site\/wp-json\/wp\/v2\/media?parent=7"}],"curies":[{"name":"wp","href":"https:\/\/api.w.org\/{rel}","templated":true}]}}